{"id":10427,"date":"2024-07-03T08:39:16","date_gmt":"2024-07-03T06:39:16","guid":{"rendered":"https:\/\/ptm-mechatronics.com\/?post_type=product&#038;p=10427"},"modified":"2025-11-07T15:52:32","modified_gmt":"2025-11-07T14:52:32","slug":"tri-clamp","status":"publish","type":"product","link":"https:\/\/ptm-mechatronics.com\/cs\/product\/tri-clamp\/","title":{"rendered":"P\u0159ipojen\u00ed s trojit\u00fdmi svorkami"},"content":{"rendered":"<p>Trojsvorkov\u00e9 spoje jsou \u010dasto volen\u00fdmi spoji v potravin\u00e1\u0159sk\u00e9m a farmaceutick\u00e9m pr\u016fmyslu. Jejich beze\u0161v\u00e9, hladk\u00e9 a nekoroduj\u00edc\u00ed povrchy z nerezov\u00e9 oceli neponech\u00e1vaj\u00ed \u017e\u00e1dn\u00e9 mrtv\u00e9 prostory pro ne\u010distoty nebo jin\u00e9 zne\u010di\u0161t\u011bn\u00ed. Pro vyhled\u00e1n\u00ed odpov\u00eddaj\u00edc\u00edch konektor\u016f lze vyu\u017e\u00edt celosv\u011btov\u011b platn\u00e9 normy BS, DIN a ISO.<\/p>\n<p>R\u00e1di v\u00e1m porad\u00edme se spr\u00e1vn\u00fdm v\u00fdb\u011brem p\u0159ipojen\u00ed Tri Clamp. Jednodu\u0161e n\u00e1s kontaktujte p\u0159\u00edmo.<\/p>","protected":false},"excerpt":{"rendered":"<p>Hygienick\u00e9 p\u0159\u00edpojky Tri Clamp v r\u016fzn\u00fdch velikostech.<\/p>","protected":false},"featured_media":15461,"comment_status":"open","ping_status":"closed","template":"","meta":{"_acf_changed":false},"product_brand":[],"product_cat":[595,1421],"product_tag":[],"class_list":{"0":"post-10427","1":"product","2":"type-product","3":"status-publish","4":"has-post-thumbnail","6":"product_cat-ruehrwerkstechnik","7":"product_cat-zubehoer-ruehrwerkstechnik","8":"product_shipping_class-karton-paketversand","10":"first","11":"outofstock","12":"taxable","13":"shipping-taxable","14":"product-type-simple"},"bundled_by":[],"bundle_stock_status":"outofstock","bundle_stock_quantity":null,"bundle_virtual":false,"bundle_layout":"","bundle_add_to_cart_form_location":"","bundle_editable_in_cart":false,"bundle_sold_individually_context":"","bundle_item_grouping":"","bundle_min_size":"","bundle_max_size":"","bundle_price":[],"bundled_items":[],"bundle_sell_ids":[],"exclude_global_add_ons":[],"addons":[],"acf":[],"_links":{"self":[{"href":"https:\/\/ptm-mechatronics.com\/cs\/wp-json\/wp\/v2\/product\/10427","targetHints":{"allow":["GET"]}}],"collection":[{"href":"https:\/\/ptm-mechatronics.com\/cs\/wp-json\/wp\/v2\/product"}],"about":[{"href":"https:\/\/ptm-mechatronics.com\/cs\/wp-json\/wp\/v2\/types\/product"}],"replies":[{"embeddable":true,"href":"https:\/\/ptm-mechatronics.com\/cs\/wp-json\/wp\/v2\/comments?post=10427"}],"wp:featuredmedia":[{"embeddable":true,"href":"https:\/\/ptm-mechatronics.com\/cs\/wp-json\/wp\/v2\/media\/15461"}],"wp:attachment":[{"href":"https:\/\/ptm-mechatronics.com\/cs\/wp-json\/wp\/v2\/media?parent=10427"}],"wp:term":[{"taxonomy":"product_brand","embeddable":true,"href":"https:\/\/ptm-mechatronics.com\/cs\/wp-json\/wp\/v2\/product_brand?post=10427"},{"taxonomy":"product_cat","embeddable":true,"href":"https:\/\/ptm-mechatronics.com\/cs\/wp-json\/wp\/v2\/product_cat?post=10427"},{"taxonomy":"product_tag","embeddable":true,"href":"https:\/\/ptm-mechatronics.com\/cs\/wp-json\/wp\/v2\/product_tag?post=10427"}],"curies":[{"name":"wp","href":"https:\/\/api.w.org\/{rel}","templated":true}]}}