{"id":30,"date":"2022-11-10T16:18:31","date_gmt":"2022-11-10T15:18:31","guid":{"rendered":"http:\/\/wp14192964.server-he.de\/bezahlmoeglichkeiten\/"},"modified":"2022-12-06T09:54:43","modified_gmt":"2022-12-06T08:54:43","slug":"bezahlmoeglichkeiten","status":"publish","type":"page","link":"https:\/\/ptm-mechatronics.com\/cs\/bezahlmoeglichkeiten\/","title":{"rendered":"Platebn\u00ed metody"},"content":{"rendered":"<section class=\"section\" id=\"section_2137581130\">\n\t\t<div class=\"section-bg fill\" >\n\t\t\t\t\t\t\t\t\t\n\t\t\t\n\n\t\t<\/div>\n\n\t\t\n\n\t\t<div class=\"section-content relative\">\n\t\t\t\n<div class=\"row\"  id=\"row-490761820\">\n\n\t<div id=\"col-1443798815\" class=\"col small-12 large-12\"  >\n\t\t\t\t<div class=\"col-inner\"  >\n\t\t\t\n\t\t\t\n<h1 class=\"nitro-offscreen\">Mo\u017enosti platby<\/h1>\n<p class=\"nitro-offscreen\">Nab\u00edz\u00edme n\u00e1sleduj\u00edc\u00ed platebn\u00ed metody. Jednodu\u0161e si vyberte zp\u016fsob platby, kter\u00fd v\u00e1m nejl\u00e9pe vyhovuje.<\/p>\n<p>-Klarna<\/p>\n<p>Faktura (N\u00e1kup na \u00fa\u010det je zpracov\u00e1n prost\u0159ednictv\u00edm poskytovatele platebn\u00edch slu\u017eeb Klarna Bank AB (\u201cKlarna\u201d). Nab\u00eddka mo\u017enosti platby n\u00e1kupem na \u00fa\u010det neexistuje u v\u0161ech nab\u00eddek spole\u010dnosti Picadera a vy\u017eaduje mimo jin\u00e9 \u00fasp\u011b\u0161n\u011b provedenou kontrolu toto\u017enosti a \u00fav\u011bruschopnosti).<\/p>\n<p>P\u0159\u00edm\u00e9 inkaso (\u010d\u00e1stka platby je splatn\u00e1 p\u0159\u00edm\u00fdm inkasem po uzav\u0159en\u00ed smlouvy a bude str\u017eena z va\u0161eho \u00fa\u010dtu spole\u010dnost\u00ed Klarna Bank AB (\u201cKlarna\u201d) po v\u00fdslovn\u00e9m povolen\u00ed).<\/p>\n<p>-Kreditn\u00ed karta<\/p>\n<p>Pohodln\u00e1 platba kartami MasterCard, Visa nebo American Express<\/p>\n<p>-Giropay<\/p>\n<p>Pla\u0165te rychle, snadno a bezpe\u010dn\u011b online bankovn\u00edm p\u0159evodem.<\/p>\n<p>-Przelewy24<\/p>\n<p>Bezpe\u010dn\u00e9, nekomplikovan\u00e9 a rychl\u00e9 platby v Polsku s Przelewy24.<\/p>\n<p>-Okam\u017eit\u00fd bankovn\u00ed p\u0159evod<\/p>\n<p>Jednodu\u0161e zapla\u0165te pomoc\u00ed Sofort \u00dcberweisung<\/p>\n<p>-Paypal<\/p>\n<p>Pla\u0165te je\u0161t\u011b rychleji a bezpe\u010dn\u011bji pomoc\u00ed \u00fa\u010dtu PayPal.<\/p>\n<p>-Apple Pay<\/p>\n<p>Nyn\u00ed m\u016f\u017eete platit i p\u0159\u00edmo p\u0159es mobiln\u00ed telefon pomoc\u00ed Apple Pay<\/p>\n\t\t<\/div>\n\t\t\t\t\t<\/div>\n\n\t\n<\/div>\n\t\t<\/div>\n\n\t\t\n<style>\n#section_2137581130 {\n  padding-top: 30px;\n  padding-bottom: 30px;\n}\n<\/style>\n\t<\/section>","protected":false},"excerpt":{"rendered":"","protected":false},"author":51,"featured_media":0,"parent":0,"menu_order":0,"comment_status":"closed","ping_status":"closed","template":"page-blank.php","meta":{"_acf_changed":false,"footnotes":""},"class_list":["post-30","page","type-page","status-publish","hentry"],"acf":[],"_links":{"self":[{"href":"https:\/\/ptm-mechatronics.com\/cs\/wp-json\/wp\/v2\/pages\/30","targetHints":{"allow":["GET"]}}],"collection":[{"href":"https:\/\/ptm-mechatronics.com\/cs\/wp-json\/wp\/v2\/pages"}],"about":[{"href":"https:\/\/ptm-mechatronics.com\/cs\/wp-json\/wp\/v2\/types\/page"}],"author":[{"embeddable":true,"href":"https:\/\/ptm-mechatronics.com\/cs\/wp-json\/wp\/v2\/users\/51"}],"replies":[{"embeddable":true,"href":"https:\/\/ptm-mechatronics.com\/cs\/wp-json\/wp\/v2\/comments?post=30"}],"version-history":[{"count":4,"href":"https:\/\/ptm-mechatronics.com\/cs\/wp-json\/wp\/v2\/pages\/30\/revisions"}],"predecessor-version":[{"id":67,"href":"https:\/\/ptm-mechatronics.com\/cs\/wp-json\/wp\/v2\/pages\/30\/revisions\/67"}],"wp:attachment":[{"href":"https:\/\/ptm-mechatronics.com\/cs\/wp-json\/wp\/v2\/media?parent=30"}],"curies":[{"name":"wp","href":"https:\/\/api.w.org\/{rel}","templated":true}]}}