{"id":29,"date":"2022-11-10T16:18:31","date_gmt":"2022-11-10T15:18:31","guid":{"rendered":"http:\/\/wp14192964.server-he.de\/versandarten\/"},"modified":"2024-01-18T11:48:05","modified_gmt":"2024-01-18T10:48:05","slug":"versandarten","status":"publish","type":"page","link":"https:\/\/ptm-mechatronics.com\/cs\/versandarten\/","title":{"rendered":"Zp\u016fsoby p\u0159epravy"},"content":{"rendered":"<section class=\"section\" id=\"section_870197878\">\n\t\t<div class=\"section-bg fill\" >\n\t\t\t\t\t\t\t\t\t\n\t\t\t\n\n\t\t<\/div>\n\n\t\t\n\n\t\t<div class=\"section-content relative\">\n\t\t\t\n<div class=\"row\"  id=\"row-1937779912\">\n\n\t<div id=\"col-1951862324\" class=\"col small-12 large-12\"  >\n\t\t\t\t<div class=\"col-inner\"  >\n\t\t\t\n\t\t\t\n<h1 class=\"nitro-offscreen\">Zp\u016fsoby p\u0159epravy<\/h1>\n<p class=\"nitro-offscreen\">Nab\u00edz\u00edme n\u00e1sleduj\u00edc\u00ed mo\u017enosti p\u0159epravy:<\/p>\n<p>UPS<\/p>\n<p>Doprava se spole\u010dnost\u00ed UPS v r\u00e1mci N\u011bmecka za pau\u0161\u00e1ln\u00ed p\u0159epravn\u00ed poplatek ve v\u00fd\u0161i<\/p>\n<p>15 \u20ac za bal\u00edky do 30 kg<br \/>\n30 EUR za bal\u00edky o hmotnosti od 30,1 do 60 kg<br \/>\n45 EUR za bal\u00edky o hmotnosti 60,1 a 90 kg.<\/p>\n<p>Doprava se spole\u010dnost\u00ed UPS v r\u00e1mci EU za pau\u0161\u00e1ln\u00ed p\u0159epravn\u00ed poplatek ve v\u00fd\u0161i<\/p>\n<p>30 \u20ac za bal\u00edky do 30 kg<br \/>\n60 EUR za bal\u00edky o hmotnosti od 30,1 do 60 kg<br \/>\n90 EUR za bal\u00edky o hmotnosti 60,1 kg a 90 kg.<\/p>\n<p>P\u0159eprava prost\u0159ednictv\u00edm spedi\u010dn\u00ed firmy<\/p>\n<p>P\u0159eprava europalety v r\u00e1mci N\u011bmecka: PS\u010c 0-5 300 \u20ac PS\u010c 6-9 150 \u20ac<br \/>\nZasl\u00e1n\u00ed speci\u00e1ln\u00ed palety v r\u00e1mci N\u011bmecka: PS\u010c 0-5 600 \u20ac PS\u010c 6-9 300 \u20ac<\/p>\n<p>Zas\u00edl\u00e1n\u00ed europalet v r\u00e1mci EU: na vy\u017e\u00e1d\u00e1n\u00ed<br \/>\nZas\u00edl\u00e1n\u00ed speci\u00e1ln\u00ed palety v r\u00e1mci EU: na vy\u017e\u00e1d\u00e1n\u00ed<\/p>\n<p>Sb\u011br na m\u00edst\u011b<\/p>\n<p>Sv\u016fj v\u00fdrobek si u n\u00e1s m\u016f\u017eete tak\u00e9 pohodln\u011b vyzvednout na m\u00edst\u011b.<\/p>\n\t\t<\/div>\n\t\t\t\t\t<\/div>\n\n\t\n<\/div>\n\t\t<\/div>\n\n\t\t\n<style>\n#section_870197878 {\n  padding-top: 30px;\n  padding-bottom: 30px;\n}\n<\/style>\n\t<\/section>","protected":false},"excerpt":{"rendered":"","protected":false},"author":51,"featured_media":0,"parent":0,"menu_order":0,"comment_status":"closed","ping_status":"closed","template":"page-blank.php","meta":{"_acf_changed":false,"footnotes":""},"class_list":["post-29","page","type-page","status-publish","hentry"],"acf":[],"_links":{"self":[{"href":"https:\/\/ptm-mechatronics.com\/cs\/wp-json\/wp\/v2\/pages\/29","targetHints":{"allow":["GET"]}}],"collection":[{"href":"https:\/\/ptm-mechatronics.com\/cs\/wp-json\/wp\/v2\/pages"}],"about":[{"href":"https:\/\/ptm-mechatronics.com\/cs\/wp-json\/wp\/v2\/types\/page"}],"author":[{"embeddable":true,"href":"https:\/\/ptm-mechatronics.com\/cs\/wp-json\/wp\/v2\/users\/51"}],"replies":[{"embeddable":true,"href":"https:\/\/ptm-mechatronics.com\/cs\/wp-json\/wp\/v2\/comments?post=29"}],"version-history":[{"count":7,"href":"https:\/\/ptm-mechatronics.com\/cs\/wp-json\/wp\/v2\/pages\/29\/revisions"}],"predecessor-version":[{"id":7585,"href":"https:\/\/ptm-mechatronics.com\/cs\/wp-json\/wp\/v2\/pages\/29\/revisions\/7585"}],"wp:attachment":[{"href":"https:\/\/ptm-mechatronics.com\/cs\/wp-json\/wp\/v2\/media?parent=29"}],"curies":[{"name":"wp","href":"https:\/\/api.w.org\/{rel}","templated":true}]}}