{"id":15999,"date":"2026-01-28T11:12:58","date_gmt":"2026-01-28T10:12:58","guid":{"rendered":"https:\/\/ptm-mechatronics.com\/?page_id=15999"},"modified":"2026-05-07T08:56:17","modified_gmt":"2026-05-07T06:56:17","slug":"dokumentation","status":"publish","type":"page","link":"https:\/\/ptm-mechatronics.com\/cs\/dokumentation\/","title":{"rendered":"Dokumentace"},"content":{"rendered":"<div class=\"banner has-hover\" id=\"banner-799350344\">\n          <div class=\"banner-inner fill\">\n        <div class=\"banner-bg fill\" >\n                                                \n                    <\/div>\n\t\t\n        <div class=\"banner-layers container\">\n            <div class=\"fill banner-link\"><\/div>            \n   <div id=\"text-box-287694528\" class=\"text-box banner-layer x50 md-x50 lg-x50 y50 md-y50 lg-y50 res-text\">\n                                <div class=\"text-box-content text dark\">\n              \n              <div class=\"text-inner text-center\">\n                  \n<h1><span style=\"font-size: 90%;\">Dokumentace<\/span><\/h1>\n              <\/div>\n           <\/div>\n                            \n<style>\n#text-box-287694528 {\n  width: 60%;\n}\n#text-box-287694528 .text-box-content {\n  font-size: 100%;\n}\n<\/style>\n    <\/div>\n \n        <\/div>\n      <\/div>\n\n            \n<style>\n#banner-799350344 {\n  padding-top: 200px;\n}\n<\/style>\n  <\/div>\n\n\n\n\t<section class=\"section\" id=\"section_1820270734\">\n\t\t<div class=\"section-bg fill\" >\n\t\t\t\t\t\t\t\t\t\n\t\t\t\n\n\t\t<\/div>\n\n\t\t\n\n\t\t<div class=\"section-content relative\">\n\t\t\t\n<div class=\"row row-small align-equal\"  id=\"row-231545269\">\n\n\t<div id=\"col-1206122421\" class=\"col medium-3 small-12 large-3\"  >\n\t\t\t\t<div class=\"col-inner\" style=\"background-color:rgb(41, 109, 173);\" >\n\t\t\t\n\t\t\t\n\t<div id=\"text-2736427356\" class=\"text\">\n\t\t\n<p>Model<\/p>\n\t\t\n<style>\n#text-2736427356 {\n  text-align: center;\n  color: rgb(255, 255, 255);\n}\n#text-2736427356 > * {\n  color: rgb(255, 255, 255);\n}\n<\/style>\n\t<\/div>\n\t\n\t\t<\/div>\n\t\t\t\t\n<style>\n#col-1206122421 > .col-inner {\n  padding: 10px 10px 0px 10px;\n}\n<\/style>\n\t<\/div>\n\n\t\n\n\t<div id=\"col-737152380\" class=\"col medium-3 small-12 large-3\"  >\n\t\t\t\t<div class=\"col-inner\" style=\"background-color:rgb(41, 109, 173);\" >\n\t\t\t\n\t\t\t\n\t<div id=\"text-1376066516\" class=\"text\">\n\t\t\n<p>Dokument<\/p>\n\t\t\n<style>\n#text-1376066516 {\n  text-align: center;\n  color: rgb(255, 255, 255);\n}\n#text-1376066516 > * {\n  color: rgb(255, 255, 255);\n}\n<\/style>\n\t<\/div>\n\t\n\t\t<\/div>\n\t\t\t\t\n<style>\n#col-737152380 > .col-inner {\n  padding: 10px 10px 0px 10px;\n}\n<\/style>\n\t<\/div>\n\n\t\n\n\t<div id=\"col-1911328775\" class=\"col medium-3 small-12 large-3\"  >\n\t\t\t\t<div class=\"col-inner\" style=\"background-color:rgb(41, 109, 173);\" >\n\t\t\t\n\t\t\t\n\t<div id=\"text-1532277756\" class=\"text\">\n\t\t\n<p>Jazyk<\/p>\n\t\t\n<style>\n#text-1532277756 {\n  text-align: center;\n  color: rgb(255, 255, 255);\n}\n#text-1532277756 > * {\n  color: rgb(255, 255, 255);\n}\n<\/style>\n\t<\/div>\n\t\n\t\t<\/div>\n\t\t\t\t\n<style>\n#col-1911328775 > .col-inner {\n  padding: 10px 10px 0px 10px;\n}\n<\/style>\n\t<\/div>\n\n\t\n\n\t<div id=\"col-438018899\" class=\"col medium-3 small-12 large-3\"  >\n\t\t\t\t<div class=\"col-inner\" style=\"background-color:rgb(41, 109, 173);\" >\n\t\t\t\n\t\t\t\n\t<div id=\"text-3889166243\" class=\"text\">\n\t\t\n<p>ke sta\u017een\u00ed<\/p>\n\t\t\n<style>\n#text-3889166243 {\n  text-align: center;\n  color: rgb(255, 255, 255);\n}\n#text-3889166243 > * {\n  color: rgb(255, 255, 255);\n}\n<\/style>\n\t<\/div>\n\t\n\t\t<\/div>\n\t\t\t\t\n<style>\n#col-438018899 > .col-inner {\n  padding: 10px 10px 0px 10px;\n}\n<\/style>\n\t<\/div>\n\n\t\n<\/div>\n<div class=\"row row-small align-equal\"  id=\"row-1492173510\">\n\n\t<div id=\"col-1375145933\" class=\"col medium-3 small-12 large-3\"  >\n\t\t\t\t<div class=\"col-inner\" style=\"background-color:rgb(239, 239, 239);\" >\n\t\t\t\n\t\t\t\n<p>Vzduchov\u00e9 motory<br \/>BASIC, ATEX, INOX, IP67<br \/>0450\/0900\/1800\/3600\/7200<\/p>\n\t\t<\/div>\n\t\t\t\t\n<style>\n#col-1375145933 > .col-inner {\n  padding: 10px 10px 0px 10px;\n}\n<\/style>\n\t<\/div>\n\n\t\n\n\t<div id=\"col-793038966\" class=\"col medium-3 small-12 large-3\"  >\n\t\t\t\t<div class=\"col-inner\" style=\"background-color:rgb(239, 239, 239);\" >\n\t\t\t\n\t\t\t\n<p>N\u00e1vod k mont\u00e1\u017ei a obsluze<\/p>\n\t\t<\/div>\n\t\t\t\t\n<style>\n#col-793038966 > .col-inner {\n  padding: 10px 10px 0px 10px;\n}\n<\/style>\n\t<\/div>\n\n\t\n\n\t<div id=\"col-1265537102\" class=\"col medium-3 small-12 large-3\"  >\n\t\t\t\t<div class=\"col-inner\" style=\"background-color:rgb(239, 239, 239);\" >\n\t\t\t\n\t\t\t\n<p>N\u011bm\u010dina \/ angli\u010dtina<\/p>\n\t\t<\/div>\n\t\t\t\t\n<style>\n#col-1265537102 > .col-inner {\n  padding: 10px 10px 0px 10px;\n}\n<\/style>\n\t<\/div>\n\n\t\n\n\t<div id=\"col-1061903177\" class=\"col medium-3 small-12 large-3\"  >\n\t\t\t\t<div class=\"col-inner text-center\"  >\n\t\t\t\n\t\t\t\n<a href=\"https:\/\/ptm-mechatronics.com\/wp-content\/uploads\/2026\/01\/PMO_V4.pdf\" target=\"_blank\" class=\"button primary expand\" rel=\"noopener\" style=\"border-radius:10px;\">\n\t\t<span>N\u00e1vod k obsluze V4<\/span>\n\t<\/a>\n\n\t\t<\/div>\n\t\t\t\t\t<\/div>\n\n\t\n<\/div>\n<div class=\"row row-small align-equal\"  id=\"row-537209235\">\n\n\t<div id=\"col-474267614\" class=\"col medium-3 small-12 large-3\"  >\n\t\t\t\t<div class=\"col-inner\" style=\"background-color:rgb(239, 239, 239);\" >\n\t\t\t\n\t\t\t\n<p>M\u00edchadlo poh\u00e1n\u00ed pneumaticky.<br \/>eco, eco-Drive<br \/>0450\/0900\/1800\/3600\/6500<\/p>\n\t\t<\/div>\n\t\t\t\t\n<style>\n#col-474267614 > .col-inner {\n  padding: 10px 10px 0px 10px;\n}\n<\/style>\n\t<\/div>\n\n\t\n\n\t<div id=\"col-1917662869\" class=\"col medium-3 small-12 large-3\"  >\n\t\t\t\t<div class=\"col-inner\" style=\"background-color:rgb(239, 239, 239);\" >\n\t\t\t\n\t\t\t\n<p>N\u00e1vod k mont\u00e1\u017ei a obsluze<\/p>\n\t\t<\/div>\n\t\t\t\t\n<style>\n#col-1917662869 > .col-inner {\n  padding: 10px 10px 0px 10px;\n}\n<\/style>\n\t<\/div>\n\n\t\n\n\t<div id=\"col-1109463409\" class=\"col medium-3 small-12 large-3\"  >\n\t\t\t\t<div class=\"col-inner\" style=\"background-color:rgb(239, 239, 239);\" >\n\t\t\t\n\t\t\t\n<p>N\u011bm\u010dina \/ angli\u010dtina<\/p>\n\t\t<\/div>\n\t\t\t\t\n<style>\n#col-1109463409 > .col-inner {\n  padding: 10px 10px 0px 10px;\n}\n<\/style>\n\t<\/div>\n\n\t\n\n\t<div id=\"col-496964130\" class=\"col medium-3 small-12 large-3\"  >\n\t\t\t\t<div class=\"col-inner text-center\"  >\n\t\t\t\n\t\t\t\n<a href=\"https:\/\/ptm-mechatronics.com\/wp-content\/uploads\/2026\/01\/eco_V2.pdf\" target=\"_blank\" class=\"button primary expand\" rel=\"noopener\" style=\"border-radius:10px;\">\n\t\t<span>N\u00e1vod k obsluze V2<\/span>\n\t<\/a>\n\n<a href=\"https:\/\/ptm-mechatronics.com\/wp-content\/uploads\/2026\/04\/eco_V3.pdf\" target=\"_blank\" class=\"button primary expand\" rel=\"noopener\" style=\"border-radius:10px;\">\n\t\t<span>N\u00e1vod k obsluze V3<\/span>\n\t<\/a>\n\n\t\t<\/div>\n\t\t\t\t\t<\/div>\n\n\t\n<\/div>\n<div class=\"row row-small align-equal\"  id=\"row-944003920\">\n\n\t<div id=\"col-303921781\" class=\"col medium-3 small-12 large-3\"  >\n\t\t\t\t<div class=\"col-inner\" style=\"background-color:rgb(239, 239, 239);\" >\n\t\t\t\n\t\t\t\n<p>M\u00edchadlo poh\u00e1n\u00ed pneumaticky.<br \/>eco-Seal light, eco-Seal pro, eco-Seal INOX<\/p>\n\t\t<\/div>\n\t\t\t\t\n<style>\n#col-303921781 > .col-inner {\n  padding: 10px 10px 0px 10px;\n}\n<\/style>\n\t<\/div>\n\n\t\n\n\t<div id=\"col-506163797\" class=\"col medium-3 small-12 large-3\"  >\n\t\t\t\t<div class=\"col-inner\" style=\"background-color:rgb(239, 239, 239);\" >\n\t\t\t\n\t\t\t\n<p>N\u00e1vod k obsluze<\/p>\n\t\t<\/div>\n\t\t\t\t\n<style>\n#col-506163797 > .col-inner {\n  padding: 10px 10px 0px 10px;\n}\n<\/style>\n\t<\/div>\n\n\t\n\n\t<div id=\"col-2025378133\" class=\"col medium-3 small-12 large-3\"  >\n\t\t\t\t<div class=\"col-inner\" style=\"background-color:rgb(239, 239, 239);\" >\n\t\t\t\n\t\t\t\n<p>N\u011bm\u010dina \/ angli\u010dtina<\/p>\n\t\t<\/div>\n\t\t\t\t\n<style>\n#col-2025378133 > .col-inner {\n  padding: 10px 10px 0px 10px;\n}\n<\/style>\n\t<\/div>\n\n\t\n\n\t<div id=\"col-61107102\" class=\"col medium-3 small-12 large-3\"  >\n\t\t\t\t<div class=\"col-inner text-center\"  >\n\t\t\t\n\t\t\t\n<a href=\"https:\/\/ptm-mechatronics.com\/wp-content\/uploads\/2026\/01\/Seal_V3.pdf\" target=\"_blank\" class=\"button primary expand\" rel=\"noopener\" style=\"border-radius:10px;\">\n\t\t<span>N\u00e1vod k obsluze V3<\/span>\n\t<\/a>\n\n\t\t<\/div>\n\t\t\t\t\t<\/div>\n\n\t\n<\/div>\n<div class=\"row row-small align-equal\"  id=\"row-713341981\">\n\n\t<div id=\"col-1855834031\" class=\"col medium-3 small-12 large-3\"  >\n\t\t\t\t<div class=\"col-inner\" style=\"background-color:rgb(239, 239, 239);\" >\n\t\t\t\n\t\t\t\n<p>M\u00edchadlo poh\u00e1n\u00ed elektricky.<br \/>eDrive<br \/>1200\/1600<\/p>\n\t\t<\/div>\n\t\t\t\t\n<style>\n#col-1855834031 > .col-inner {\n  padding: 10px 10px 0px 10px;\n}\n<\/style>\n\t<\/div>\n\n\t\n\n\t<div id=\"col-1620749844\" class=\"col medium-3 small-12 large-3\"  >\n\t\t\t\t<div class=\"col-inner\" style=\"background-color:rgb(239, 239, 239);\" >\n\t\t\t\n\t\t\t\n<p>N\u00e1vod k obsluze<\/p>\n\t\t<\/div>\n\t\t\t\t\n<style>\n#col-1620749844 > .col-inner {\n  padding: 10px 10px 0px 10px;\n}\n<\/style>\n\t<\/div>\n\n\t\n\n\t<div id=\"col-632788054\" class=\"col medium-3 small-12 large-3\"  >\n\t\t\t\t<div class=\"col-inner\" style=\"background-color:rgb(239, 239, 239);\" >\n\t\t\t\n\t\t\t\n<p>N\u011bm\u010dina \/ angli\u010dtina<\/p>\n\t\t<\/div>\n\t\t\t\t\n<style>\n#col-632788054 > .col-inner {\n  padding: 10px 10px 0px 10px;\n}\n<\/style>\n\t<\/div>\n\n\t\n\n\t<div id=\"col-149380587\" class=\"col medium-3 small-12 large-3\"  >\n\t\t\t\t<div class=\"col-inner text-center\"  >\n\t\t\t\n\t\t\t\n<a href=\"https:\/\/ptm-mechatronics.com\/wp-content\/uploads\/2026\/01\/e-Drive_V1.pdf\" target=\"_blank\" class=\"button primary expand\" rel=\"noopener\" style=\"border-radius:10px;\">\n\t\t<span>N\u00e1vod k obsluze V1<\/span>\n\t<\/a>\n\n\t\t<\/div>\n\t\t\t\t\t<\/div>\n\n\t\n<\/div>\n<div class=\"row row-small align-equal\"  id=\"row-1318592428\">\n\n\t<div id=\"col-784234891\" class=\"col medium-3 small-12 large-3\"  >\n\t\t\t\t<div class=\"col-inner\" style=\"background-color:rgb(239, 239, 239);\" >\n\t\t\t\n\t\t\t\n<p>Laboratorn\u00ed m\u00edchadlo<br \/>eco-Lab<br \/>450\/450G\/900\/900G<\/p>\n\t\t<\/div>\n\t\t\t\t\n<style>\n#col-784234891 > .col-inner {\n  padding: 10px 10px 0px 10px;\n}\n<\/style>\n\t<\/div>\n\n\t\n\n\t<div id=\"col-543561680\" class=\"col medium-3 small-12 large-3\"  >\n\t\t\t\t<div class=\"col-inner\" style=\"background-color:rgb(239, 239, 239);\" >\n\t\t\t\n\t\t\t\n<p>N\u00e1vod k obsluze<\/p>\n\t\t<\/div>\n\t\t\t\t\n<style>\n#col-543561680 > .col-inner {\n  padding: 10px 10px 0px 10px;\n}\n<\/style>\n\t<\/div>\n\n\t\n\n\t<div id=\"col-377964391\" class=\"col medium-3 small-12 large-3\"  >\n\t\t\t\t<div class=\"col-inner\" style=\"background-color:rgb(239, 239, 239);\" >\n\t\t\t\n\t\t\t\n<p>N\u011bm\u010dina \/ angli\u010dtina<\/p>\n\t\t<\/div>\n\t\t\t\t\n<style>\n#col-377964391 > .col-inner {\n  padding: 10px 10px 0px 10px;\n}\n<\/style>\n\t<\/div>\n\n\t\n\n\t<div id=\"col-2139423054\" class=\"col medium-3 small-12 large-3\"  >\n\t\t\t\t<div class=\"col-inner text-center\"  >\n\t\t\t\n\t\t\t\n<a href=\"https:\/\/ptm-mechatronics.com\/wp-content\/uploads\/2026\/01\/Lab_V1.pdf\" target=\"_blank\" class=\"button primary expand\" rel=\"noopener\" style=\"border-radius:10px;\">\n\t\t<span>N\u00e1vod k obsluze V1<\/span>\n\t<\/a>\n\n\t\t<\/div>\n\t\t\t\t\t<\/div>\n\n\t\n<\/div>\n<div class=\"row row-small align-equal\"  id=\"row-642995586\">\n\n\t<div id=\"col-2001837978\" class=\"col medium-3 small-12 large-3\"  >\n\t\t\t\t<div class=\"col-inner\" style=\"background-color:rgb(239, 239, 239);\" >\n\t\t\t\n\t\t\t\n<p>Ru\u010dn\u00ed mix\u00e9r<br \/>eco-Up<br \/>450\/900\/900G\/1800<\/p>\n\t\t<\/div>\n\t\t\t\t\n<style>\n#col-2001837978 > .col-inner {\n  padding: 10px 10px 0px 10px;\n}\n<\/style>\n\t<\/div>\n\n\t\n\n\t<div id=\"col-1740754789\" class=\"col medium-3 small-12 large-3\"  >\n\t\t\t\t<div class=\"col-inner\" style=\"background-color:rgb(239, 239, 239);\" >\n\t\t\t\n\t\t\t\n<p>N\u00e1vod k obsluze<\/p>\n\t\t<\/div>\n\t\t\t\t\n<style>\n#col-1740754789 > .col-inner {\n  padding: 10px 10px 0px 10px;\n}\n<\/style>\n\t<\/div>\n\n\t\n\n\t<div id=\"col-1719940226\" class=\"col medium-3 small-12 large-3\"  >\n\t\t\t\t<div class=\"col-inner\" style=\"background-color:rgb(239, 239, 239);\" >\n\t\t\t\n\t\t\t\n<p>N\u011bm\u010dina \/ angli\u010dtina<\/p>\n\t\t<\/div>\n\t\t\t\t\n<style>\n#col-1719940226 > .col-inner {\n  padding: 10px 10px 0px 10px;\n}\n<\/style>\n\t<\/div>\n\n\t\n\n\t<div id=\"col-2098566888\" class=\"col medium-3 small-12 large-3\"  >\n\t\t\t\t<div class=\"col-inner text-center\"  >\n\t\t\t\n\t\t\t\n<a href=\"https:\/\/ptm-mechatronics.com\/wp-content\/uploads\/2026\/01\/Up_V1.pdf\" target=\"_blank\" class=\"button primary expand\" rel=\"noopener\" style=\"border-radius:10px;\">\n\t\t<span>N\u00e1vod k obsluze V1<\/span>\n\t<\/a>\n\n\t\t<\/div>\n\t\t\t\t\t<\/div>\n\n\t\n<\/div>\n<div class=\"row row-small align-equal\"  id=\"row-1618066113\">\n\n\t<div id=\"col-73526080\" class=\"col medium-3 small-12 large-3\"  >\n\t\t\t\t<div class=\"col-inner\" style=\"background-color:rgb(239, 239, 239);\" >\n\t\t\t\n\t\t\t\n<p>Rychlov\u00fdm\u011bnn\u00fd syst\u00e9m pro m\u00edchac\u00ed h\u0159\u00eddele<br \/>eco-Quick V2, V3, V4<\/p>\n\t\t<\/div>\n\t\t\t\t\n<style>\n#col-73526080 > .col-inner {\n  padding: 10px 10px 0px 10px;\n}\n<\/style>\n\t<\/div>\n\n\t\n\n\t<div id=\"col-1472429999\" class=\"col medium-3 small-12 large-3\"  >\n\t\t\t\t<div class=\"col-inner\" style=\"background-color:rgb(239, 239, 239);\" >\n\t\t\t\n\t\t\t\n<p>N\u00e1vod k obsluze<\/p>\n\t\t<\/div>\n\t\t\t\t\n<style>\n#col-1472429999 > .col-inner {\n  padding: 10px 10px 0px 10px;\n}\n<\/style>\n\t<\/div>\n\n\t\n\n\t<div id=\"col-952852360\" class=\"col medium-3 small-12 large-3\"  >\n\t\t\t\t<div class=\"col-inner\" style=\"background-color:rgb(239, 239, 239);\" >\n\t\t\t\n\t\t\t\n<p>N\u011bm\u010dina \/ angli\u010dtina<\/p>\n\t\t<\/div>\n\t\t\t\t\n<style>\n#col-952852360 > .col-inner {\n  padding: 10px 10px 0px 10px;\n}\n<\/style>\n\t<\/div>\n\n\t\n\n\t<div id=\"col-2061192374\" class=\"col medium-3 small-12 large-3\"  >\n\t\t\t\t<div class=\"col-inner text-center\"  >\n\t\t\t\n\t\t\t\n<a href=\"https:\/\/ptm-mechatronics.com\/wp-content\/uploads\/2026\/04\/EQ_V2-V3-V4.pdf\" target=\"_blank\" class=\"button primary expand\" rel=\"noopener\" style=\"border-radius:10px;\">\n\t\t<span>N\u00e1vod k obsluze V1<\/span>\n\t<\/a>\n\n\t\t<\/div>\n\t\t\t\t\t<\/div>\n\n\t\n<\/div>\n<div class=\"row row-small align-equal\"  id=\"row-292290075\">\n\n\t<div id=\"col-95925702\" class=\"col medium-3 small-12 large-3\"  >\n\t\t\t\t<div class=\"col-inner\" style=\"background-color:rgb(239, 239, 239);\" >\n\t\t\t\n\t\t\t\n<p>stojanov\u00fd mix\u00e9r eco-Station pro<br \/>10-60 litr\u016f \/ 30-200 litr\u016f \/ 60-1000 litr\u016f<\/p>\n\t\t<\/div>\n\t\t\t\t\n<style>\n#col-95925702 > .col-inner {\n  padding: 10px 10px 0px 10px;\n}\n<\/style>\n\t<\/div>\n\n\t\n\n\t<div id=\"col-1293772739\" class=\"col medium-3 small-12 large-3\"  >\n\t\t\t\t<div class=\"col-inner\" style=\"background-color:rgb(239, 239, 239);\" >\n\t\t\t\n\t\t\t\n<p>N\u00e1vod k mont\u00e1\u017ei a obsluze<\/p>\n\t\t<\/div>\n\t\t\t\t\n<style>\n#col-1293772739 > .col-inner {\n  padding: 10px 10px 0px 10px;\n}\n<\/style>\n\t<\/div>\n\n\t\n\n\t<div id=\"col-196702446\" class=\"col medium-3 small-12 large-3\"  >\n\t\t\t\t<div class=\"col-inner\" style=\"background-color:rgb(239, 239, 239);\" >\n\t\t\t\n\t\t\t\n<p>N\u011bm\u010dina \/ angli\u010dtina<\/p>\n\t\t<\/div>\n\t\t\t\t\n<style>\n#col-196702446 > .col-inner {\n  padding: 10px 10px 0px 10px;\n}\n<\/style>\n\t<\/div>\n\n\t\n\n\t<div id=\"col-1834836867\" class=\"col medium-3 small-12 large-3\"  >\n\t\t\t\t<div class=\"col-inner text-center\"  >\n\t\t\t\n\t\t\t\n<a href=\"https:\/\/ptm-mechatronics.com\/wp-content\/uploads\/2026\/05\/eco-Station_pro_V1.pdf\" target=\"_blank\" class=\"button primary expand\" rel=\"noopener\" style=\"border-radius:10px;\">\n\t\t<span>N\u00e1vod k obsluze V1<\/span>\n\t<\/a>\n\n<a href=\"https:\/\/ptm-mechatronics.com\/wp-content\/uploads\/2026\/05\/Konformitaetserklaerung-eco-Station-pro.pdf\" target=\"_blank\" class=\"button primary expand\" rel=\"noopener\" style=\"border-radius:10px;\">\n\t\t<span>Prohl\u00e1\u0161en\u00ed o shod\u011b<\/span>\n\t<\/a>\n\n<a href=\"https:\/\/ptm-mechatronics.com\/wp-content\/uploads\/2026\/05\/ATEX-Certification-eco-Station-Pro.pdf\" target=\"_blank\" class=\"button primary expand\" rel=\"noopener\" style=\"border-radius:10px;\">\n\t\t<span>Certifik\u00e1t ATEX<\/span>\n\t<\/a>\n\n\t\t<\/div>\n\t\t\t\t\t<\/div>\n\n\t\n<\/div>\n\t\t<\/div>\n\n\t\t\n<style>\n#section_1820270734 {\n  padding-top: 30px;\n  padding-bottom: 30px;\n}\n<\/style>\n\t<\/section>\n\t\n\n\t<section class=\"section st-kontakt pt-60 pb-60 col-pb-0\" id=\"section_1835730010\">\n\t\t<div class=\"section-bg fill\" >\n\t\t\t<img loading=\"lazy\" decoding=\"async\" width=\"1600\" height=\"444\" src=\"https:\/\/ptm-mechatronics.com\/wp-content\/uploads\/2024\/10\/BG_kontakt.png\" class=\"bg attachment-original size-original\" alt=\"\" \/>\t\t\t\t\t\t\n\t\t\t\n\n\t\t<\/div>\n\n\t\t\n\n\t\t<div class=\"section-content relative\">\n\t\t\t\r\n\r\n<div class=\"row\"  id=\"row-1611396969\">\r\n\r\n\n\t<div id=\"col-1865877004\" class=\"col small-12 large-12\"  >\n\t\t\t\t<div class=\"col-inner\"  >\n\t\t\t\n\t\t\t\r\n\r\n\t<div id=\"text-2801350978\" class=\"text\">\n\t\t\r\n\r\n<h3>Kontakt a poradenstv\u00ed<\/h3>\r\n<p>Chcete poradit s na\u0161imi produkty? Na\u0161i odborn\u00edci se r\u00e1di postaraj\u00ed o va\u0161e po\u017eadavky:<\/p>\r\n<h4><a href=\"mailto:info@ptm-mechatronics.com\">info@ptm-mechatronics.com<\/a><br \/>\r\n<a href=\"tel:+498134257970\">+49 8134 \/ 25 797 0<\/a><\/h4>\r\n\t\t\n<style>\n#text-2801350978 {\n  color: rgb(255, 255, 255);\n}\n#text-2801350978 > * {\n  color: rgb(255, 255, 255);\n}\n<\/style>\n\t<\/div>\n\t\r\n\r\n\t\t<\/div>\n\t\t\t\t\t<\/div>\n\n\t\r\n\r\n<\/div>\r\n\r\n\t\t<\/div>\n\n\t\t\n<style>\n#section_1835730010 {\n  padding-top: 30px;\n  padding-bottom: 30px;\n}\n#section_1835730010 .section-bg img {\n  object-position: 84% 53%;\n}\n<\/style>\n\t<\/section>\n\t\r\n\n\t<section class=\"section pb-60 pt-60 besuchen\" id=\"section_1809697605\">\n\t\t<div class=\"section-bg fill\" >\n\t\t\t\t\t\t\t\t\t\n\t\t\t\n\n\t\t<\/div>\n\n\t\t\n\n\t\t<div class=\"section-content relative\">\n\t\t\t\r\n\r\n<div class=\"row align-center\"  id=\"row-1539397156\">\r\n\r\n\n\t<div id=\"col-1239255416\" class=\"col small-12 large-12\"  >\n\t\t\t\t<div class=\"col-inner text-center\"  >\n\t\t\t\n\t\t\t\r\n\r\n\t<div id=\"text-2527952875\" class=\"text title-box\">\n\t\t\r\n\r\n<h3>M\u016f\u017eete n\u00e1s tak\u00e9 nav\u0161t\u00edvit na adrese<\/h3>\r\n\t\t\n<style>\n#text-2527952875 {\n  text-align: center;\n}\n<\/style>\n\t<\/div>\n\t\r\n\r\n\t\t<\/div>\n\t\t\t\t\t<\/div>\n\n\t\r\n\r\n<\/div>\r\n<div class=\"row align-middle align-center\" style=\"max-width:605px\" id=\"row-248002383\">\r\n\r\n\n\t<div id=\"col-1119924326\" class=\"col medium-4 small-12 large-4\"  >\n\t\t\t\t<div class=\"col-inner\"  >\n\t\t\t\n\t\t\t\r\n\r\n\t<div class=\"img has-hover x md-x lg-x y md-y lg-y\" id=\"image_681222772\">\n\t\t<a class=\"\" href=\"https:\/\/www.linkedin.com\/company\/68597546\/\" target=\"_blank\" rel=\"noopener\">\t\t\t\t\t\t<div class=\"img-inner dark\" >\n\t\t\t<img loading=\"lazy\" decoding=\"async\" width=\"480\" height=\"209\" src=\"https:\/\/ptm-mechatronics.com\/wp-content\/uploads\/2024\/10\/PTM-mechatronics-bei-LinkedIn-480x209-1.png\" class=\"attachment-original size-original\" alt=\"\" srcset=\"https:\/\/ptm-mechatronics.com\/wp-content\/uploads\/2024\/10\/PTM-mechatronics-bei-LinkedIn-480x209-1.png 480w, https:\/\/ptm-mechatronics.com\/wp-content\/uploads\/2024\/10\/PTM-mechatronics-bei-LinkedIn-480x209-1-300x131.png 300w, https:\/\/ptm-mechatronics.com\/wp-content\/uploads\/2024\/10\/PTM-mechatronics-bei-LinkedIn-480x209-1-100x44.png 100w, https:\/\/ptm-mechatronics.com\/wp-content\/uploads\/2024\/10\/PTM-mechatronics-bei-LinkedIn-480x209-1-447x195.png 447w\" sizes=\"auto, (max-width: 480px) 100vw, 480px\" \/>\t\t\t\t\t\t\n\t\t\t\t\t<\/div>\n\t\t\t\t\t\t<\/a>\t\t\n<style>\n#image_681222772 {\n  width: 100%;\n}\n<\/style>\n\t<\/div>\n\t\r\n\r\n\r\n\t\t<\/div>\n\t\t\t\t\t<\/div>\n\n\t\r\n\n\t<div id=\"col-921601573\" class=\"col medium-4 small-12 large-4\"  >\n\t\t\t\t<div class=\"col-inner\"  >\n\t\t\t\n\t\t\t\r\n\r\n\t<div class=\"img has-hover x md-x lg-x y md-y lg-y\" id=\"image_617277147\">\n\t\t<a class=\"\" href=\"https:\/\/www.xing.com\/pages\/ptm-mechatronics-gmbh\" target=\"_blank\" rel=\"noopener\">\t\t\t\t\t\t<div class=\"img-inner dark\" >\n\t\t\t<img loading=\"lazy\" decoding=\"async\" width=\"300\" height=\"130\" src=\"https:\/\/ptm-mechatronics.com\/wp-content\/uploads\/2024\/10\/Xing-1-e1530203231869-300x130-1.jpg\" class=\"attachment-original size-original\" alt=\"\" srcset=\"https:\/\/ptm-mechatronics.com\/wp-content\/uploads\/2024\/10\/Xing-1-e1530203231869-300x130-1.jpg 300w, https:\/\/ptm-mechatronics.com\/wp-content\/uploads\/2024\/10\/Xing-1-e1530203231869-300x130-1-100x43.jpg 100w\" sizes=\"auto, (max-width: 300px) 100vw, 300px\" \/>\t\t\t\t\t\t\n\t\t\t\t\t<\/div>\n\t\t\t\t\t\t<\/a>\t\t\n<style>\n#image_617277147 {\n  width: 100%;\n}\n<\/style>\n\t<\/div>\n\t\r\n\r\n\r\n\t\t<\/div>\n\t\t\t\t\t<\/div>\n\n\t\r\n\n\t<div id=\"col-1921138239\" class=\"col medium-4 small-12 large-4\"  >\n\t\t\t\t<div class=\"col-inner\"  >\n\t\t\t\n\t\t\t\r\n\r\n\t<div class=\"img has-hover x md-x lg-x y md-y lg-y\" id=\"image_731830558\">\n\t\t<a class=\"\" href=\"https:\/\/www.youtube.com\/@ptmmechatronicsgmbh806\" target=\"_blank\" rel=\"noopener\">\t\t\t\t\t\t<div class=\"img-inner dark\" >\n\t\t\t<img loading=\"lazy\" decoding=\"async\" width=\"300\" height=\"133\" src=\"https:\/\/ptm-mechatronics.com\/wp-content\/uploads\/2024\/10\/Youtube-1-e1530203212402-300x133-1.jpg\" class=\"attachment-original size-original\" alt=\"\" srcset=\"https:\/\/ptm-mechatronics.com\/wp-content\/uploads\/2024\/10\/Youtube-1-e1530203212402-300x133-1.jpg 300w, https:\/\/ptm-mechatronics.com\/wp-content\/uploads\/2024\/10\/Youtube-1-e1530203212402-300x133-1-100x44.jpg 100w\" sizes=\"auto, (max-width: 300px) 100vw, 300px\" \/>\t\t\t\t\t\t\n\t\t\t\t\t<\/div>\n\t\t\t\t\t\t<\/a>\t\t\n<style>\n#image_731830558 {\n  width: 100%;\n}\n<\/style>\n\t<\/div>\n\t\r\n\r\n\r\n\t\t<\/div>\n\t\t\t\t\t<\/div>\n\n\t\r\n\r\n<\/div>\r\n\r\n\t\t<\/div>\n\n\t\t\n<style>\n#section_1809697605 {\n  padding-top: 30px;\n  padding-bottom: 30px;\n  background-color: rgb(255, 255, 255);\n}\n<\/style>\n\t<\/section>","protected":false},"excerpt":{"rendered":"","protected":false},"author":5,"featured_media":0,"parent":0,"menu_order":0,"comment_status":"closed","ping_status":"closed","template":"","meta":{"_acf_changed":false,"footnotes":""},"class_list":["post-15999","page","type-page","status-publish","hentry"],"acf":[],"_links":{"self":[{"href":"https:\/\/ptm-mechatronics.com\/cs\/wp-json\/wp\/v2\/pages\/15999","targetHints":{"allow":["GET"]}}],"collection":[{"href":"https:\/\/ptm-mechatronics.com\/cs\/wp-json\/wp\/v2\/pages"}],"about":[{"href":"https:\/\/ptm-mechatronics.com\/cs\/wp-json\/wp\/v2\/types\/page"}],"author":[{"embeddable":true,"href":"https:\/\/ptm-mechatronics.com\/cs\/wp-json\/wp\/v2\/users\/5"}],"replies":[{"embeddable":true,"href":"https:\/\/ptm-mechatronics.com\/cs\/wp-json\/wp\/v2\/comments?post=15999"}],"version-history":[{"count":8,"href":"https:\/\/ptm-mechatronics.com\/cs\/wp-json\/wp\/v2\/pages\/15999\/revisions"}],"predecessor-version":[{"id":16259,"href":"https:\/\/ptm-mechatronics.com\/cs\/wp-json\/wp\/v2\/pages\/15999\/revisions\/16259"}],"wp:attachment":[{"href":"https:\/\/ptm-mechatronics.com\/cs\/wp-json\/wp\/v2\/media?parent=15999"}],"curies":[{"name":"wp","href":"https:\/\/api.w.org\/{rel}","templated":true}]}}