{"id":15788,"date":"2025-12-11T09:40:03","date_gmt":"2025-12-11T08:40:03","guid":{"rendered":"https:\/\/ptm-mechatronics.com\/?page_id=15788"},"modified":"2025-12-12T09:56:24","modified_gmt":"2025-12-12T08:56:24","slug":"wartung","status":"publish","type":"page","link":"https:\/\/ptm-mechatronics.com\/cs\/wartung\/","title":{"rendered":"\u00dadr\u017eba"},"content":{"rendered":"<div class=\"banner has-hover\" id=\"banner-1476866031\">\n          <div class=\"banner-inner fill\">\n        <div class=\"banner-bg fill\" >\n            <img loading=\"lazy\" decoding=\"async\" width=\"1484\" height=\"585\" src=\"https:\/\/ptm-mechatronics.com\/wp-content\/uploads\/2024\/10\/Kolben-und-Motor-Hintergrund.jpg\" class=\"bg attachment-original size-original\" alt=\"\" \/>                        <div class=\"overlay\"><\/div>            \n                    <\/div>\n\t\t\n        <div class=\"banner-layers container\">\n            <div class=\"fill banner-link\"><\/div>            \n   <div id=\"text-box-1042596787\" class=\"text-box banner-layer x5 md-x95 lg-x95 y50 md-y50 lg-y50 res-text\">\n                     <div data-animate=\"fadeInDown\">           <div class=\"text-box-content text dark\">\n              \n              <div class=\"text-inner text-center\">\n                  \n<h1 class=\"uppercase\"><span style=\"font-size: 75%;\">\u00dadr\u017eba a servis<\/span><\/h1>\n<p>Pravideln\u00e1 \u00fadr\u017eba a odborn\u00fd servis zajist\u00ed, \u017ee va\u0161e pohony a m\u00edchadla PTM budou i nad\u00e1le pln\u011b funk\u010dn\u00ed. Na\u0161i servisn\u00ed technici zaji\u0161\u0165uj\u00ed optim\u00e1ln\u00ed provozn\u00ed podm\u00ednky prost\u0159ednictv\u00edm c\u00edlen\u00fdch kontrol, \u010di\u0161t\u011bn\u00ed a v\u00fdm\u011bny kl\u00ed\u010dov\u00fdch komponent - pro efektivn\u00ed, stabiln\u00ed a spolehliv\u00e9 procesy ve va\u0161\u00ed v\u00fdrob\u011b.<\/p>\n              <\/div>\n           <\/div>\n       <\/div>                     \n<style>\n#text-box-1042596787 {\n  width: 91%;\n}\n#text-box-1042596787 .text-box-content {\n  font-size: 100%;\n}\n@media (min-width:550px) {\n  #text-box-1042596787 {\n    width: 52%;\n  }\n}\n@media (min-width:850px) {\n  #text-box-1042596787 {\n    width: 41%;\n  }\n}\n<\/style>\n    <\/div>\n \n        <\/div>\n      <\/div>\n\n            \n<style>\n#banner-1476866031 {\n  padding-top: 354px;\n}\n#banner-1476866031 .overlay {\n  background-color: rgba(61, 70, 77, 0.767);\n}\n#banner-1476866031 .banner-bg img {\n  object-position: 0% 78%;\n}\n@media (min-width:550px) {\n  #banner-1476866031 {\n    padding-top: 321px;\n  }\n}\n@media (min-width:850px) {\n  #banner-1476866031 {\n    padding-top: 417px;\n  }\n}\n<\/style>\n  <\/div>\n\n\n\n  <div class=\"banner has-hover hide-for-small\" id=\"banner-1291594090\">\n          <div class=\"banner-inner fill\">\n        <div class=\"banner-bg fill\" >\n                                                \n                    <\/div>\n\t\t\n        <div class=\"banner-layers container\">\n            <div class=\"fill banner-link\"><\/div>            \n   <div id=\"text-box-931424693\" class=\"text-box banner-layer x50 md-x50 lg-x50 y10 md-y10 lg-y10 res-text\">\n                                <div class=\"text-box-content text dark\">\n              \n              <div class=\"text-inner text-center\">\n                  \n<h3 class=\"uppercase\"><span style=\"font-size: 75%;\">Na\u0161e doporu\u010den\u00ed pro intervaly \u00fadr\u017eby<\/span><\/h3>\n\t<div id=\"gap-954135604\" class=\"gap-element clearfix\" style=\"display:block; height:auto;\">\n\t\t\n<style>\n#gap-954135604 {\n  padding-top: 50px;\n}\n<\/style>\n\t<\/div>\n\t\n<div class=\"row\"  id=\"row-358392163\">\n\n\t<div id=\"col-1216091141\" class=\"col medium-4 small-12 large-4\"  >\n\t\t\t\t<div class=\"col-inner\"  >\n\t\t\t\n\t<div class=\"is-border\"\n\t\tstyle=\"border-width:1px 1px 1px 1px;\">\n\t<\/div>\n\t\t\t\n<p>Skupina v\u00fdrobk\u016f<\/p>\n\t\t<\/div>\n\t\t\t\t\t<\/div>\n\n\t\n\n\t<div id=\"col-476349773\" class=\"col medium-4 small-12 large-4\"  >\n\t\t\t\t<div class=\"col-inner\"  >\n\t\t\t\n\t<div class=\"is-border\"\n\t\tstyle=\"border-width:1px 1px 1px 1px;\">\n\t<\/div>\n\t\t\t\n<p>Interval<\/p>\n\t\t<\/div>\n\t\t\t\t\t<\/div>\n\n\t\n\n\t<div id=\"col-1503927587\" class=\"col medium-4 small-12 large-4\"  >\n\t\t\t\t<div class=\"col-inner\"  >\n\t\t\t\n\t<div class=\"is-border\"\n\t\tstyle=\"border-width:1px 1px 1px 1px;\">\n\t<\/div>\n\t\t\t\n<p>Pou\u017eijte<\/p>\n\t\t<\/div>\n\t\t\t\t\t<\/div>\n\n\t\n<\/div>\n<div class=\"row row-collapse align-equal row-divided\"  id=\"row-6906895\">\n\n\t<div id=\"col-1656492045\" class=\"col medium-4 small-12 large-4\"  >\n\t\t\t\t<div class=\"col-inner\"  >\n\t\t\t\n\t\t\t\n<p>Vzduchov\u00e9 motory<br \/>\n&amp; pohony m\u00edchadel<\/p>\n\t\t<\/div>\n\t\t\t\t\t<\/div>\n\n\t\n\n\t<div id=\"col-776140326\" class=\"col medium-4 small-12 large-4\"  >\n\t\t\t\t<div class=\"col-inner\"  >\n\t\t\t\n\t\t\t\n<p>36 m\u011bs\u00edc\u016f<\/p>\n<p>12 m\u011bs\u00edc\u016f<\/p>\n\t\t<\/div>\n\t\t\t\t\t<\/div>\n\n\t\n\n\t<div id=\"col-1814994253\" class=\"col medium-4 small-12 large-4\"  >\n\t\t\t\t<div class=\"col-inner\"  >\n\t\t\t\n\t\t\t\n<p>Pro ob\u010dasn\u00fd provoz<\/p>\n<p>Pro nep\u0159etr\u017eit\u00fd provoz<\/p>\n\t\t<\/div>\n\t\t\t\t\t<\/div>\n\n\t\n<\/div>\n<div class=\"row row-collapse align-equal row-divided\"  id=\"row-405029515\">\n\n\t<div id=\"col-444492939\" class=\"col medium-4 small-12 large-4\"  >\n\t\t\t\t<div class=\"col-inner\"  >\n\t\t\t\n\t\t\t\n<p>M\u00edchac\u00ed syst\u00e9my<br \/>\n<span style=\"font-size: 80%;\">(stojany, kryty, p\u0159\u00edhradov\u00e9 konstrukce)<\/span><\/p>\n\t\t<\/div>\n\t\t\t\t\t<\/div>\n\n\t\n\n\t<div id=\"col-618571085\" class=\"col medium-4 small-12 large-4\"  >\n\t\t\t\t<div class=\"col-inner\"  >\n\t\t\t\n\t\t\t\n<p>12 m\u011bs\u00edc\u016f<\/p>\n\t\t<\/div>\n\t\t\t\t\t<\/div>\n\n\t\n\n\t<div id=\"col-2003986204\" class=\"col medium-4 small-12 large-4\"  >\n\t\t\t\t<div class=\"col-inner\"  >\n\t\t\t\n\t\t\t\n<p>Bez ohledu na aplikaci<\/p>\n\t\t<\/div>\n\t\t\t\t\t<\/div>\n\n\t\n<\/div>\n\t<div id=\"gap-718447852\" class=\"gap-element clearfix\" style=\"display:block; height:auto;\">\n\t\t\n<style>\n#gap-718447852 {\n  padding-top: 30px;\n}\n<\/style>\n\t<\/div>\n\t\n              <\/div>\n           <\/div>\n                            \n<style>\n#text-box-931424693 {\n  width: 87%;\n}\n#text-box-931424693 .text-box-content {\n  font-size: 100%;\n}\n@media (min-width:850px) {\n  #text-box-931424693 {\n    width: 70%;\n  }\n}\n<\/style>\n    <\/div>\n \n        <\/div>\n      <\/div>\n\n            \n<style>\n#banner-1291594090 {\n  padding-top: 770px;\n}\n@media (min-width:550px) {\n  #banner-1291594090 {\n    padding-top: 450px;\n  }\n}\n<\/style>\n  <\/div>\n\n\n\n  <div class=\"banner has-hover show-for-small\" id=\"banner-1400318841\">\n          <div class=\"banner-inner fill\">\n        <div class=\"banner-bg fill\" >\n                                                \n                    <\/div>\n\t\t\n        <div class=\"banner-layers container\">\n            <div class=\"fill banner-link\"><\/div>            \n   <div id=\"text-box-276152507\" class=\"text-box banner-layer x50 md-x50 lg-x50 y10 md-y10 lg-y10 res-text\">\n                                <div class=\"text-box-content text dark\">\n              \n              <div class=\"text-inner text-center\">\n                  \n<h3 class=\"uppercase\"><span style=\"font-size: 75%;\">Na\u0161e doporu\u010den\u00ed pro intervaly \u00fadr\u017eby<\/span><\/h3>\n\t<div id=\"gap-1792364872\" class=\"gap-element clearfix\" style=\"display:block; height:auto;\">\n\t\t\n<style>\n#gap-1792364872 {\n  padding-top: 20px;\n}\n@media (min-width:550px) {\n  #gap-1792364872 {\n    padding-top: 50px;\n  }\n}\n<\/style>\n\t<\/div>\n\t\n<div class=\"row row-collapse align-equal row-divided\"  id=\"row-1535947810\">\n\n\t<div id=\"col-1887754319\" class=\"col medium-4 small-12 large-4\"  >\n\t\t\t\t<div class=\"col-inner\"  >\n\t\t\t\n\t<div class=\"is-border\"\n\t\tstyle=\"border-width:1px 1px 1px 1px;\">\n\t<\/div>\n\t\t\t\n<p>Vzduchov\u00e9 motory<br \/>\n&amp; pohony m\u00edchadel<\/p>\n\t\t<\/div>\n\t\t\t\t\t<\/div>\n\n\t\n\n\t<div id=\"col-1765292863\" class=\"col medium-4 small-12 large-4\"  >\n\t\t\t\t<div class=\"col-inner\"  >\n\t\t\t\n\t\t\t\n<p>Pro ob\u010dasn\u00fd provoz:<br \/>\n36 m\u011bs\u00edc\u016f<\/p>\n\t\t<\/div>\n\t\t\t\t\t<\/div>\n\n\t\n\n\t<div id=\"col-1043072188\" class=\"col medium-4 small-12 large-4\"  >\n\t\t\t\t<div class=\"col-inner\"  >\n\t\t\t\n\t\t\t\n<p>Pro nep\u0159etr\u017eit\u00fd provoz:<br \/>\n12 m\u011bs\u00edc\u016f<\/p>\n\t\t<\/div>\n\t\t\t\t\t<\/div>\n\n\t\n<\/div>\n<div class=\"row row-collapse align-equal row-divided\"  id=\"row-90479957\">\n\n\t<div id=\"col-1953935494\" class=\"col medium-4 small-12 large-4\"  >\n\t\t\t\t<div class=\"col-inner\"  >\n\t\t\t\n\t<div class=\"is-border\"\n\t\tstyle=\"border-width:1px 1px 1px 1px;\">\n\t<\/div>\n\t\t\t\n<p>M\u00edchac\u00ed syst\u00e9my<br \/>\n<span style=\"font-size: 80%;\">(stojany, kryty, p\u0159\u00edhradov\u00e9 konstrukce)<\/span><\/p>\n\t\t<\/div>\n\t\t\t\t\t<\/div>\n\n\t\n\n\t<div id=\"col-103006067\" class=\"col medium-4 small-12 large-4\"  >\n\t\t\t\t<div class=\"col-inner\"  >\n\t\t\t\n\t\t\t\n<p>Bez ohledu na aplikaci:<br \/>\n12 m\u011bs\u00edc\u016f<\/p>\n\t\t<\/div>\n\t\t\t\t\t<\/div>\n\n\t\n<\/div>\n              <\/div>\n           <\/div>\n                            \n<style>\n#text-box-276152507 {\n  width: 87%;\n}\n#text-box-276152507 .text-box-content {\n  font-size: 100%;\n}\n@media (min-width:850px) {\n  #text-box-276152507 {\n    width: 70%;\n  }\n}\n<\/style>\n    <\/div>\n \n        <\/div>\n      <\/div>\n\n            \n<style>\n#banner-1400318841 {\n  padding-top: 522px;\n}\n@media (min-width:550px) {\n  #banner-1400318841 {\n    padding-top: 450px;\n  }\n}\n<\/style>\n  <\/div>\n\n\n\n\t<section class=\"section\" id=\"section_892201304\">\n\t\t<div class=\"section-bg fill\" >\n\t\t\t\t\t\t\t\t\t\n\t\t\t\n\n\t\t<\/div>\n\n\t\t\n\n\t\t<div class=\"section-content relative\">\n\t\t\t\n<div class=\"row row-collapse align-middle align-center\"  id=\"row-526943198\">\n\n\t<div id=\"col-1882848676\" class=\"col medium-2 small-12 large-2\"  >\n\t\t\t\t<div class=\"col-inner text-center\"  >\n\t\t\t\n\t\t\t\n\t<div class=\"img has-hover x md-x lg-x y md-y lg-y\" id=\"image_1717201064\">\n\t\t\t\t\t\t\t\t<div class=\"img-inner dark\" >\n\t\t\t<img loading=\"lazy\" decoding=\"async\" width=\"300\" height=\"263\" src=\"https:\/\/ptm-mechatronics.com\/wp-content\/uploads\/2024\/09\/atex-300x263-1-1.png\" class=\"attachment-large size-large\" alt=\"\" srcset=\"https:\/\/ptm-mechatronics.com\/wp-content\/uploads\/2024\/09\/atex-300x263-1-1.png 300w, https:\/\/ptm-mechatronics.com\/wp-content\/uploads\/2024\/09\/atex-300x263-1-1-100x88.png 100w\" sizes=\"auto, (max-width: 300px) 100vw, 300px\" \/>\t\t\t\t\t\t\n\t\t\t\t\t<\/div>\n\t\t\t\t\t\t\t\t\n<style>\n#image_1717201064 {\n  width: 52%;\n}\n@media (min-width:550px) {\n  #image_1717201064 {\n    width: 76%;\n  }\n}\n<\/style>\n\t<\/div>\n\t\n\t\t<\/div>\n\t\t\t\t\t<\/div>\n\n\t\n\n\t<div id=\"col-572680495\" class=\"col medium-10 small-12 large-10\"  >\n\t\t\t\t<div class=\"col-inner\"  >\n\t\t\t\n\t<div class=\"is-border\"\n\t\tstyle=\"border-width:2px 2px 2px 2px;\">\n\t<\/div>\n\t\t\t\n\t<div id=\"text-2372094892\" class=\"text\">\n\t\t\n<h3 style=\"text-align: center;\"><span style=\"font-size: 100%;\">Bezpe\u010dnost ATEX bez stresu<\/span><\/h3>\n<p>Pravideln\u00e9 kontroly jsou v oblasti ATEX vy\u017eadov\u00e1ny z\u00e1konem. Zn\u00ed to jako spousta pr\u00e1ce - ale pro v\u00e1s to tak b\u00fdt nemus\u00ed. Ve\u0161ker\u00e9 povinn\u00e9 zkou\u0161ky za v\u00e1s zajist\u00edme my: nejen pro na\u0161e za\u0159\u00edzen\u00ed, ale tak\u00e9 pro v\u0161echny p\u0159ipojen\u00e9 komponenty, spojovac\u00ed d\u00edly a p\u0159\u00edslu\u0161n\u00e9 interakce ve va\u0161em syst\u00e9mu.<\/p>\n<p>To znamen\u00e1, \u017ee m\u00e1te m\u00e9n\u011b pr\u00e1ce, \u017e\u00e1dn\u00e9 nejistoty a jistotu, \u017ee je v\u0161e provedeno podle pl\u00e1nu. <a href=\"https:\/\/eur-lex.europa.eu\/legal-content\/DE\/ALL\/?uri=celex:32014L0034\" target=\"_blank\" rel=\"noopener\"><span style=\"color: #c6c6c6;\">Sm\u011brnice 2014\/34\/EU<\/span><\/a>, <a href=\"https:\/\/www.gesetze-im-internet.de\/betrsichv_2015\/\" target=\"_blank\" rel=\"noopener\"><span style=\"color: #c6c6c6;\">BetrSichV<\/span><\/a> a <span style=\"color: #c6c6c6;\"><a style=\"color: #c6c6c6;\" href=\"https:\/\/www.baua.de\/DE\/Angebote\/Regelwerk\/TRBS\/TRBS-1201\" target=\"_blank\" rel=\"noopener\">TRBS 1201<\/a><\/span> je spolehliv\u011b testov\u00e1n.<\/p>\n<p>Stru\u010dn\u011b \u0159e\u010deno: Vy se soust\u0159ed\u00edte na sv\u016fj proces - my se postar\u00e1me o va\u0161i bezpe\u010dnost p\u0159i v\u00fdbuchu.<\/p>\n\t\t\n<style>\n#text-2372094892 {\n  text-align: left;\n  color: rgb(255, 255, 255);\n}\n#text-2372094892 > * {\n  color: rgb(255, 255, 255);\n}\n<\/style>\n\t<\/div>\n\t\n\t\t<\/div>\n\t\t\t\t\n<style>\n#col-572680495 > .col-inner {\n  padding: 10px 10px 10px 20px;\n}\n<\/style>\n\t<\/div>\n\n\t\n<\/div>\n\t\t<\/div>\n\n\t\t\n<style>\n#section_892201304 {\n  padding-top: 20px;\n  padding-bottom: 20px;\n  background-color: rgb(61, 70, 77);\n}\n@media (min-width:550px) {\n  #section_892201304 {\n    padding-top: 30px;\n    padding-bottom: 30px;\n  }\n}\n<\/style>\n\t<\/section>\n\t\n\n  <div class=\"banner has-hover\" id=\"banner-1053714579\">\n          <div class=\"banner-inner fill\">\n        <div class=\"banner-bg fill\" >\n            <img loading=\"lazy\" decoding=\"async\" width=\"2264\" height=\"1259\" src=\"https:\/\/ptm-mechatronics.com\/wp-content\/uploads\/2025\/12\/Freundlicher-Mann-im-Business-Outfit-2-3.jpg\" class=\"bg attachment-original size-original\" alt=\"\" \/>                                    \n                    <\/div>\n\t\t\n        <div class=\"banner-layers container\">\n            <div class=\"fill banner-link\"><\/div>            \n   <div id=\"text-box-1153531538\" class=\"text-box banner-layer x5 md-x5 lg-x15 y50 md-y50 lg-y30 res-text\">\n                     <div data-animate=\"fadeInDown\">           <div class=\"text-box-content text dark\">\n              \n              <div class=\"text-inner text-center\">\n                  \n<h3 class=\"uppercase\">Sjednejte si sch\u016fzku<\/h3>\n<p>Sjednejte si sch\u016fzku s na\u0161\u00edm servisn\u00edm technikem.<\/p>\n<a href=\"https:\/\/calendly.com\/ptmca\/30min\" target=\"_blank\" class=\"button primary\" rel=\"noopener\" style=\"border-radius:10px;\">\n\t\t<span>Sjednejte si sch\u016fzku<\/span>\n\t<\/a>\n\n              <\/div>\n           <\/div>\n       <\/div>                     \n<style>\n#text-box-1153531538 {\n  width: 62%;\n}\n#text-box-1153531538 .text-box-content {\n  font-size: 100%;\n}\n@media (min-width:550px) {\n  #text-box-1153531538 {\n    width: 56%;\n  }\n}\n@media (min-width:850px) {\n  #text-box-1153531538 {\n    width: 43%;\n  }\n}\n<\/style>\n    <\/div>\n \n        <\/div>\n      <\/div>\n\n            \n<style>\n#banner-1053714579 {\n  padding-top: 307px;\n}\n@media (min-width:550px) {\n  #banner-1053714579 {\n    padding-top: 368px;\n  }\n}\n@media (min-width:850px) {\n  #banner-1053714579 {\n    padding-top: 516px;\n  }\n}\n<\/style>\n  <\/div>","protected":false},"excerpt":{"rendered":"","protected":false},"author":5,"featured_media":13684,"parent":0,"menu_order":0,"comment_status":"closed","ping_status":"closed","template":"","meta":{"_acf_changed":false,"footnotes":""},"class_list":["post-15788","page","type-page","status-publish","has-post-thumbnail","hentry"],"acf":[],"_links":{"self":[{"href":"https:\/\/ptm-mechatronics.com\/cs\/wp-json\/wp\/v2\/pages\/15788","targetHints":{"allow":["GET"]}}],"collection":[{"href":"https:\/\/ptm-mechatronics.com\/cs\/wp-json\/wp\/v2\/pages"}],"about":[{"href":"https:\/\/ptm-mechatronics.com\/cs\/wp-json\/wp\/v2\/types\/page"}],"author":[{"embeddable":true,"href":"https:\/\/ptm-mechatronics.com\/cs\/wp-json\/wp\/v2\/users\/5"}],"replies":[{"embeddable":true,"href":"https:\/\/ptm-mechatronics.com\/cs\/wp-json\/wp\/v2\/comments?post=15788"}],"version-history":[{"count":7,"href":"https:\/\/ptm-mechatronics.com\/cs\/wp-json\/wp\/v2\/pages\/15788\/revisions"}],"predecessor-version":[{"id":15865,"href":"https:\/\/ptm-mechatronics.com\/cs\/wp-json\/wp\/v2\/pages\/15788\/revisions\/15865"}],"wp:featuredmedia":[{"embeddable":true,"href":"https:\/\/ptm-mechatronics.com\/cs\/wp-json\/wp\/v2\/media\/13684"}],"wp:attachment":[{"href":"https:\/\/ptm-mechatronics.com\/cs\/wp-json\/wp\/v2\/media?parent=15788"}],"curies":[{"name":"wp","href":"https:\/\/api.w.org\/{rel}","templated":true}]}}