{"id":13599,"date":"2025-05-14T09:37:19","date_gmt":"2025-05-14T07:37:19","guid":{"rendered":"https:\/\/ptm-mechatronics.com\/?page_id=13599"},"modified":"2025-05-14T09:41:19","modified_gmt":"2025-05-14T07:41:19","slug":"widerrufsrecht","status":"publish","type":"page","link":"https:\/\/ptm-mechatronics.com\/cs\/widerrufsrecht\/","title":{"rendered":"Pr\u00e1vo na zru\u0161en\u00ed"},"content":{"rendered":"<section class=\"section\" id=\"section_1763491486\">\n\t\t<div class=\"section-bg fill\" >\n\t\t\t\t\t\t\t\t\t<div class=\"section-bg-overlay absolute fill\"><\/div>\n\t\t\t\n\n\t\t<\/div>\n\n\t\t\n\n\t\t<div class=\"section-content relative\">\n\t\t\t\n<h3 data-start=\"269\" data-end=\"308\"><span class=\"_fadeIn_m1hgl_8\">\u017d\u00e1dn\u00e9 <\/span><span class=\"_fadeIn_m1hgl_8\">Pr\u00e1vo na zru\u0161en\u00ed <\/span><span class=\"_fadeIn_m1hgl_8\">pro <\/span><span class=\"_fadeIn_m1hgl_8\">Podnikatel<\/span><\/h3>\n<p data-start=\"310\" data-end=\"601\"><span class=\"_fadeIn_m1hgl_8\">Na\u0161e <\/span><span class=\"_fadeIn_m1hgl_8\">Nab\u00eddka <\/span><span class=\"_fadeIn_m1hgl_8\">\u0159\u00edzen\u00e9 <\/span><span class=\"_fadeIn_m1hgl_8\">s\u00e1m <\/span><span class=\"_fadeIn_m1hgl_8\">v\u00fdhradn\u011b <\/span><span class=\"_fadeIn_m1hgl_8\">na adrese <\/span><span class=\"_fadeIn_m1hgl_8\">Podnikatel <\/span><span class=\"_fadeIn_m1hgl_8\">v <\/span><span class=\"_fadeIn_m1hgl_8\">Smysly <\/span><span class=\"_fadeIn_m1hgl_8\">o <a href=\"https:\/\/www.gesetze-im-internet.de\/bgb\/__14.html\" target=\"_blank\" rel=\"noopener\">\u00a7 <\/a><\/span><span class=\"_fadeIn_m1hgl_8\">14 <\/span><span class=\"_fadeIn_m1hgl_8\">N\u011aMECK\u00dd OB\u010cANSK\u00dd Z\u00c1KON\u00cdK<\/span><span class=\"_fadeIn_m1hgl_8\">, <\/span><span class=\"_fadeIn_m1hgl_8\">tak\u017ee <\/span><span class=\"_fadeIn_m1hgl_8\">na adrese <\/span><span class=\"_fadeIn_m1hgl_8\">p\u0159\u00edrodn\u00ed <\/span><span class=\"_fadeIn_m1hgl_8\">nebo <\/span><span class=\"_fadeIn_m1hgl_8\">pr\u00e1vn\u00ed <\/span><span class=\"_fadeIn_m1hgl_8\">Osoby <\/span><span class=\"_fadeIn_m1hgl_8\">resp. <\/span><span class=\"_fadeIn_m1hgl_8\">se zp\u016fsobilost\u00ed k pr\u00e1vn\u00edm \u00fakon\u016fm <\/span><span class=\"_fadeIn_m1hgl_8\">Partnerstv\u00ed, <\/span><span class=\"_fadeIn_m1hgl_8\">na <\/span><span class=\"_fadeIn_m1hgl_8\">s <\/span><span class=\"_fadeIn_m1hgl_8\">Z\u00e1v\u011br <\/span><span class=\"_fadeIn_m1hgl_8\">o <\/span><span class=\"_fadeIn_m1hgl_8\">Pr\u00e1vn\u00ed transakce <\/span><span class=\"_fadeIn_m1hgl_8\">na adrese <\/span><span class=\"_fadeIn_m1hgl_8\">Cvi\u010den\u00ed <\/span><span class=\"_fadeIn_m1hgl_8\">jejich <\/span><span class=\"_fadeIn_m1hgl_8\">komer\u010dn\u00ed <\/span><span class=\"_fadeIn_m1hgl_8\">nebo <\/span><span class=\"_fadeIn_m1hgl_8\">nez\u00e1visl\u00e9 <\/span><span class=\"_fadeIn_m1hgl_8\">profesion\u00e1ln\u00ed <\/span><span class=\"_fadeIn_m1hgl_8\">Aktivita <\/span><span class=\"_fadeIn_m1hgl_8\">jednat.<\/span><\/p>\n<p data-start=\"603\" data-end=\"659\"><span class=\"_fadeIn_m1hgl_8\">A <\/span><span class=\"_fadeIn_m1hgl_8\">pr\u00e1vn\u00ed <\/span><span class=\"_fadeIn_m1hgl_8\">Pr\u00e1vo na zru\u0161en\u00ed <\/span><span class=\"_fadeIn_m1hgl_8\">existuje <\/span><span class=\"_fadeIn_m1hgl_8\">proto <\/span><span class=\"_fadeIn_m1hgl_8\">ne.<\/span><\/p>\n<h3 data-start=\"661\" data-end=\"699\"><span class=\"_fadeIn_m1hgl_8\">Pro\u010d <\/span><span class=\"_fadeIn_m1hgl_8\">Nepou\u017eije se <\/span><span class=\"_fadeIn_m1hgl_8\">na <\/span><span class=\"_fadeIn_m1hgl_8\">Pr\u00e1vo na zru\u0161en\u00ed?<\/span><\/h3>\n<p data-start=\"701\" data-end=\"976\"><span class=\"_fadeIn_m1hgl_8\">Na str\u00e1nk\u00e1ch <\/span><span class=\"_fadeIn_m1hgl_8\">Pr\u00e1vo na zru\u0161en\u00ed <\/span><span class=\"_fadeIn_m1hgl_8\">na <a href=\"https:\/\/www.gesetze-im-internet.de\/bgb\/__355.html\" target=\"_blank\" rel=\"noopener\">\u00a7 <\/a><\/span><a href=\"\/cs\/_wp_link_placeholder\/\"><span class=\"_fadeIn_m1hgl_8\">355 <\/span><span class=\"_fadeIn_m1hgl_8\">N\u011aMECK\u00dd OB\u010cANSK\u00dd Z\u00c1KON\u00cdK <\/span><\/a><span class=\"_fadeIn_m1hgl_8\">plat\u00ed <\/span><span class=\"_fadeIn_m1hgl_8\">v\u00fdhradn\u011b <\/span><span class=\"_fadeIn_m1hgl_8\">pro <\/span><span class=\"_fadeIn_m1hgl_8\">Spot\u0159ebitel\u00e9. <\/span><span class=\"_fadeIn_m1hgl_8\">Vzhledem k tomu, \u017ee <\/span><span class=\"_fadeIn_m1hgl_8\">my <\/span><span class=\"_fadeIn_m1hgl_8\">v\u00fdhradn\u011b <\/span><span class=\"_fadeIn_m1hgl_8\">s <\/span><span class=\"_fadeIn_m1hgl_8\">Firemn\u00ed z\u00e1kazn\u00edci <\/span><span class=\"_fadeIn_m1hgl_8\">spolupracovat, <\/span><span class=\"_fadeIn_m1hgl_8\">Nepou\u017eije se <\/span><span class=\"_fadeIn_m1hgl_8\">na <\/span><span class=\"_fadeIn_m1hgl_8\">Povinn\u00e9 <\/span><span class=\"_fadeIn_m1hgl_8\">na <\/span><span class=\"_fadeIn_m1hgl_8\">Koncese <\/span><span class=\"_fadeIn_m1hgl_8\">jeden <\/span><span class=\"_fadeIn_m1hgl_8\">nap\u0159\u00edklad <\/span><span class=\"_fadeIn_m1hgl_8\">Pr\u00e1vo na zru\u0161en\u00ed. <\/span><span class=\"_fadeIn_m1hgl_8\">Tyto str\u00e1nky <\/span><span class=\"_fadeIn_m1hgl_8\">Na\u0159\u00edzen\u00ed <\/span><span class=\"_fadeIn_m1hgl_8\">slou\u017e\u00ed <\/span><span class=\"_fadeIn_m1hgl_8\">na <\/span><span class=\"_fadeIn_m1hgl_8\">Clarity <\/span><span class=\"_fadeIn_m1hgl_8\">a <\/span><span class=\"_fadeIn_m1hgl_8\">na <\/span><span class=\"_fadeIn_m1hgl_8\">Spravedlnost <\/span><span class=\"_fadeIn_m1hgl_8\">v <\/span><span class=\"_fadeIn_m1hgl_8\">podnik\u00e1n\u00ed <\/span><span class=\"_fadeIn_m1hgl_8\">Doprava.<\/span><\/p>\n<h3 data-start=\"978\" data-end=\"1015\"><span class=\"_fadeIn_m1hgl_8\">Na\u0161e <\/span><span class=\"_fadeIn_m1hgl_8\">dobrovoln\u00e9 <\/span><span class=\"_fadeIn_m1hgl_8\">Rezerva na goodwill<\/span><\/h3>\n<p data-start=\"1017\" data-end=\"1322\"><span class=\"_fadeIn_m1hgl_8\">Tak\u00e9 <\/span><span class=\"_fadeIn_m1hgl_8\">kdy\u017e <\/span><span class=\"_fadeIn_m1hgl_8\">\u017e\u00e1dn\u00e9 <\/span><span class=\"_fadeIn_m1hgl_8\">pr\u00e1vn\u00ed <\/span><span class=\"_fadeIn_m1hgl_8\">N\u00e1rok <\/span><span class=\"_fadeIn_m1hgl_8\">na adrese <\/span><span class=\"_fadeIn_m1hgl_8\">Odvol\u00e1n\u00ed <\/span><span class=\"_fadeIn_m1hgl_8\">existuje, <\/span><span class=\"_fadeIn_m1hgl_8\">je <\/span><span class=\"_fadeIn_m1hgl_8\">n\u00e1s <\/span><span class=\"_fadeIn_m1hgl_8\">Va\u0161e <\/span><span class=\"_fadeIn_m1hgl_8\">Spokojenost <\/span><span class=\"_fadeIn_m1hgl_8\">d\u016fle\u017eit\u00e9. <\/span><span class=\"_fadeIn_m1hgl_8\">M\u011bl by <\/span><span class=\"_fadeIn_m1hgl_8\">to <\/span><span class=\"_fadeIn_m1hgl_8\">jednou <\/span><span class=\"_fadeIn_m1hgl_8\">na <\/span><span class=\"_fadeIn_m1hgl_8\">probl\u00e9my <\/span><span class=\"_fadeIn_m1hgl_8\">s <\/span><span class=\"_fadeIn_m1hgl_8\">jeden <\/span><span class=\"_fadeIn_m1hgl_8\">doru\u010den\u00ed <\/span><span class=\"_fadeIn_m1hgl_8\">nebo <\/span><span class=\"_fadeIn_m1hgl_8\">jeden <\/span><span class=\"_fadeIn_m1hgl_8\">Produkt <\/span><span class=\"_fadeIn_m1hgl_8\">p\u0159ij\u00edt, <\/span><span class=\"_fadeIn_m1hgl_8\">nastavit <\/span><span class=\"_fadeIn_m1hgl_8\">Vy <\/span><span class=\"_fadeIn_m1hgl_8\">s\u00e1m <\/span><span class=\"_fadeIn_m1hgl_8\">pros\u00edm <\/span><span class=\"_fadeIn_m1hgl_8\">s <\/span><span class=\"_fadeIn_m1hgl_8\">n\u00e1s <\/span><span class=\"_fadeIn_m1hgl_8\">na adrese <\/span><span class=\"_fadeIn_m1hgl_8\">P\u0159ipojen\u00ed. <\/span><span class=\"_fadeIn_m1hgl_8\">My <\/span><span class=\"_fadeIn_m1hgl_8\">zkontrolujte <\/span><span class=\"_fadeIn_m1hgl_8\">spole\u010dn\u011b <\/span><span class=\"_fadeIn_m1hgl_8\">jeden <\/span><span class=\"_fadeIn_m1hgl_8\">orientace na z\u00e1kazn\u00edka <\/span><span class=\"_fadeIn_m1hgl_8\">\u0158e\u0161en\u00ed <\/span><span class=\"_fadeIn_m1hgl_8\">v <\/span><span class=\"_fadeIn_m1hgl_8\">R\u00e1m <\/span><span class=\"_fadeIn_m1hgl_8\">na\u0161e <\/span><span class=\"_fadeIn_m1hgl_8\">Rezerva na goodwill<\/span><span class=\"_fadeIn_m1hgl_8\">.<\/span><\/p>\n<p data-start=\"1324\" data-end=\"1439\"><span class=\"_fadeIn_m1hgl_8\">Kontaktujte n\u00e1s <\/span><span class=\"_fadeIn_m1hgl_8\">Vy <\/span><span class=\"_fadeIn_m1hgl_8\">n\u00e1s <\/span><span class=\"_fadeIn_m1hgl_8\">nav\u00edc <\/span><span class=\"_fadeIn_m1hgl_8\">jednoduch\u00fd <\/span><span class=\"_fadeIn_m1hgl_8\">na <\/span><span class=\"_fadeIn_m1hgl_8\">E-<\/span><span class=\"_fadeIn_m1hgl_8\">Mail <\/span><span class=\"_fadeIn_m1hgl_8\">na info@ptm-mechatronics.<\/span><span class=\"_fadeIn_m1hgl_8\">com<\/span> <span class=\"_fadeIn_m1hgl_8\">nebo <\/span><span class=\"_fadeIn_m1hgl_8\">telefonicky <\/span><span class=\"_fadeIn_m1hgl_8\">pod +<\/span><span class=\"_fadeIn_m1hgl_8\">49 8134 25 797 0<\/span><span class=\"_fadeIn_m1hgl_8\">.<\/span><\/p>\n<h3 data-start=\"1441\" data-end=\"1466\"><span class=\"_fadeIn_m1hgl_8\">V\u00edce na <\/span><span class=\"_fadeIn_m1hgl_8\">Informace o<\/span><\/h3>\n<p data-start=\"1468\" data-end=\"1655\"><span class=\"_fadeIn_m1hgl_8\">Podrobn\u00e9 informace na <\/span><span class=\"_fadeIn_m1hgl_8\">Informace o <\/span><span class=\"_fadeIn_m1hgl_8\">Naj\u00edt <\/span><span class=\"_fadeIn_m1hgl_8\">Vy <\/span><span class=\"_fadeIn_m1hgl_8\">na adrese <\/span><span class=\"_fadeIn_m1hgl_8\">na\u0161e <\/span><a href=\"https:\/\/ptm-mechatronics.com\/cs\/agb\/\" target=\"_blank\" rel=\"noopener\"><span class=\"_fadeIn_m1hgl_8\">Obecn\u00e9 <\/span><span class=\"_fadeIn_m1hgl_8\">Podm\u00ednky (<\/span><span class=\"_fadeIn_m1hgl_8\">GTC)<\/span><\/a><span class=\"_fadeIn_m1hgl_8\">, <\/span><span class=\"_fadeIn_m1hgl_8\">na adrese <\/span><span class=\"_fadeIn_m1hgl_8\">ty <\/span><span class=\"_fadeIn_m1hgl_8\">tak\u00e9 <\/span><span class=\"_fadeIn_m1hgl_8\">regulovan\u00e9 <\/span><span class=\"_fadeIn_m1hgl_8\">je, <\/span><span class=\"_fadeIn_m1hgl_8\">\u017ee <\/span><span class=\"_fadeIn_m1hgl_8\">na\u0161e <\/span><span class=\"_fadeIn_m1hgl_8\">Nab\u00eddka <\/span><span class=\"_fadeIn_m1hgl_8\">v\u00fdhradn\u011b <\/span><span class=\"_fadeIn_m1hgl_8\">pro <\/span><span class=\"_fadeIn_m1hgl_8\">komer\u010dn\u00ed <\/span><span class=\"_fadeIn_m1hgl_8\">Z\u00e1kazn\u00edci <\/span><span class=\"_fadeIn_m1hgl_8\">plat\u00ed.<\/span><\/p>\n\t\t<\/div>\n\n\t\t\n<style>\n#section_1763491486 {\n  padding-top: 30px;\n  padding-bottom: 30px;\n}\n#section_1763491486 .section-bg-overlay {\n  background-color: rgba(255, 255, 255, 0.459);\n}\n<\/style>\n\t<\/section>","protected":false},"excerpt":{"rendered":"","protected":false},"author":5,"featured_media":0,"parent":0,"menu_order":0,"comment_status":"closed","ping_status":"closed","template":"","meta":{"_acf_changed":false,"footnotes":""},"class_list":["post-13599","page","type-page","status-publish","hentry"],"acf":[],"_links":{"self":[{"href":"https:\/\/ptm-mechatronics.com\/cs\/wp-json\/wp\/v2\/pages\/13599","targetHints":{"allow":["GET"]}}],"collection":[{"href":"https:\/\/ptm-mechatronics.com\/cs\/wp-json\/wp\/v2\/pages"}],"about":[{"href":"https:\/\/ptm-mechatronics.com\/cs\/wp-json\/wp\/v2\/types\/page"}],"author":[{"embeddable":true,"href":"https:\/\/ptm-mechatronics.com\/cs\/wp-json\/wp\/v2\/users\/5"}],"replies":[{"embeddable":true,"href":"https:\/\/ptm-mechatronics.com\/cs\/wp-json\/wp\/v2\/comments?post=13599"}],"version-history":[{"count":6,"href":"https:\/\/ptm-mechatronics.com\/cs\/wp-json\/wp\/v2\/pages\/13599\/revisions"}],"predecessor-version":[{"id":13608,"href":"https:\/\/ptm-mechatronics.com\/cs\/wp-json\/wp\/v2\/pages\/13599\/revisions\/13608"}],"wp:attachment":[{"href":"https:\/\/ptm-mechatronics.com\/cs\/wp-json\/wp\/v2\/media?parent=13599"}],"curies":[{"name":"wp","href":"https:\/\/api.w.org\/{rel}","templated":true}]}}